{"id":224,"date":"2025-05-29T15:04:46","date_gmt":"2025-05-29T15:04:46","guid":{"rendered":"https:\/\/sammler.ddns.net\/?page_id=224"},"modified":"2025-05-29T15:06:02","modified_gmt":"2025-05-29T15:06:02","slug":"kaffeemaschine-entkalken","status":"publish","type":"page","link":"https:\/\/sammler.ddns.net\/?page_id=224","title":{"rendered":"Kaffeemaschine entkalken"},"content":{"rendered":"\n<p>Um eine DeLonghi Magnifica S zu entkalken, musst du\u00a0den Wassertank entleeren, den Entkalker hinzuf\u00fcgen und den Entkalkungsprozess starten.\u00a0Anschlie\u00dfend musst du die Maschine sp\u00fclen und den Wassertank erneut bef\u00fcllen.\u00a0<\/p>\n\n\n\n<p>Schritt-f\u00fcr-Schritt-Anleitung:<\/p>\n\n\n\n<ol class=\"wp-block-list\">\n<li><strong>Schalte die Maschine ein und warte, bis sie betriebsbereit ist.<\/strong>&nbsp;Leere die Tropfschale und den Kaffeesatzbeh\u00e4lter und stelle sie wieder ein.&nbsp;<\/li>\n\n\n\n<li><strong>Entleere den Wassertank und entferne den Wasserfilter (falls vorhanden).<\/strong>&nbsp;F\u00fclle den Entkalker (z.B. DeLonghi Ecodecal) bis zur A-Markierung in den Tank und f\u00fclle den Tank bis zur B-Markierung mit Wasser.&nbsp;<\/li>\n\n\n\n<li><strong>Setze den Wassertank wieder ein.<\/strong>&nbsp;Stelle einen Auffangbeh\u00e4lter unter den Kaffeeauslauf und den Dampfauslauf.&nbsp;<\/li>\n\n\n\n<li><strong>Dr\u00fccke die Entkalkungstaste (meistens eine rote Taste, die blinkt) f\u00fcr mindestens 5 Sekunden, um den Entkalkungsprozess zu starten.<\/strong>&nbsp;Die Lampe auf der Taste leuchtet dann konstant.&nbsp;<\/li>\n\n\n\n<li><strong>\u00d6ffne den Dampfauslaufhahn.<\/strong>&nbsp;Die Maschine beginnt nun mit dem Entkalken und leert den Tank.&nbsp;<\/li>\n\n\n\n<li><strong>Wenn die Maschine den Entkalkungsvorgang beendet hat, schlie\u00dfe den Dampfauslaufhahn.<\/strong>&nbsp;Entleere den Auffangbeh\u00e4lter und sp\u00fcle den Wassertank gr\u00fcndlich.&nbsp;<\/li>\n\n\n\n<li><strong>Bef\u00fclle den Wassertank erneut mit Wasser und stelle ihn wieder in die Maschine.<\/strong>&nbsp;Die Maschine startet nun einen Sp\u00fclvorgang, um den Entkalker zu entfernen.&nbsp;<\/li>\n\n\n\n<li><strong>Sobald der Sp\u00fclvorgang beendet ist, ist die Maschine wieder betriebsbereit.<\/strong>&nbsp;<\/li>\n<\/ol>\n","protected":false},"excerpt":{"rendered":"<p>Um eine DeLonghi Magnifica S zu entkalken, musst du\u00a0den Wassertank entleeren, den Entkalker hinzuf\u00fcgen und den Entkalkungsprozess starten.\u00a0Anschlie\u00dfend musst du die Maschine sp\u00fclen und den Wassertank erneut bef\u00fcllen.\u00a0 Schritt-f\u00fcr-Schritt-Anleitung:<\/p>\n","protected":false},"author":1,"featured_media":0,"parent":0,"menu_order":0,"comment_status":"closed","ping_status":"closed","template":"","meta":{"footnotes":""},"class_list":["post-224","page","type-page","status-publish","hentry"],"_links":{"self":[{"href":"https:\/\/sammler.ddns.net\/index.php?rest_route=\/wp\/v2\/pages\/224","targetHints":{"allow":["GET"]}}],"collection":[{"href":"https:\/\/sammler.ddns.net\/index.php?rest_route=\/wp\/v2\/pages"}],"about":[{"href":"https:\/\/sammler.ddns.net\/index.php?rest_route=\/wp\/v2\/types\/page"}],"author":[{"embeddable":true,"href":"https:\/\/sammler.ddns.net\/index.php?rest_route=\/wp\/v2\/users\/1"}],"replies":[{"embeddable":true,"href":"https:\/\/sammler.ddns.net\/index.php?rest_route=%2Fwp%2Fv2%2Fcomments&post=224"}],"version-history":[{"count":2,"href":"https:\/\/sammler.ddns.net\/index.php?rest_route=\/wp\/v2\/pages\/224\/revisions"}],"predecessor-version":[{"id":228,"href":"https:\/\/sammler.ddns.net\/index.php?rest_route=\/wp\/v2\/pages\/224\/revisions\/228"}],"wp:attachment":[{"href":"https:\/\/sammler.ddns.net\/index.php?rest_route=%2Fwp%2Fv2%2Fmedia&parent=224"}],"curies":[{"name":"wp","href":"https:\/\/api.w.org\/{rel}","templated":true}]}}